{"id":10373,"date":"2015-12-26T08:08:20","date_gmt":"2015-12-26T08:08:20","guid":{"rendered":"http:\/\/www.reexporta.com\/contacto\/"},"modified":"2025-04-11T09:38:30","modified_gmt":"2025-04-11T09:38:30","slug":"contacto","status":"publish","type":"page","link":"https:\/\/www.reexporta.com\/en\/contacto\/","title":{"rendered":"Contact"},"content":{"rendered":"<p>[vc_row full_width=&#8221;stretch_row&#8221; full_height=&#8221;yes&#8221; row_overlay=&#8221;color&#8221; row_overlay_color=&#8221;#000000&#8243; logo_color_type=&#8221;light&#8221; css_animation=&#8221;fadeInUp2&#8243; clean_padding=&#8221;sm&#8221; css=&#8221;.vc_custom_1496316786807{background: #0e0e0e url(http:\/\/www.reexporta.com\/wp-content\/uploads\/2015\/12\/fachada_reexporta-ok.jpg?id=9923) !important;background-position: center !important;background-repeat: no-repeat !important;background-size: cover !important;}&#8221;][vc_column width=&#8221;1\/12&#8243; offset=&#8221;vc_col-lg-2 vc_col-md-2 vc_hidden-xs&#8221;][\/vc_column][vc_column text_color=&#8221;#ffffff&#8221; css_animation=&#8221;fadeInUp2&#8243; width=&#8221;5\/6&#8243; offset=&#8221;vc_col-lg-8 vc_col-md-8 vc_col-xs-12&#8243; css=&#8221;.vc_custom_1496316844874{padding-top: 20px !important;padding-bottom: 20px !important;}&#8221;][vc_custom_heading text=&#8221;Contact&#8221; google_fonts=&#8221;font_family:Montserrat%3Aregular%2C700|font_style:700%20bold%20regular%3A700%3Anormal&#8221; font_container=&#8221;tag:h2|font_size:70|text_align:left|color:%23ffffff&#8221; font_title_responsive=&#8221;true&#8221; css=&#8221;.vc_custom_1509021758565{margin-bottom: 50px !important;}&#8221;][vc_empty_space height=&#8221;10px&#8221;][vc_empty_space height=&#8221;10px&#8221;][vc_column_text css=&#8221;.vc_custom_1611139968333{margin-top: 15% !important;margin-bottom: 15% !important;}&#8221;]General<br \/>\n<a href=\"mailto:info@reexporta.com\">info@reexporta.com<\/a>[\/vc_column_text][vc_empty_space height=&#8221;10px&#8221;][vc_row_inner 0=&#8221;&#8221;][vc_column_inner width=&#8221;1\/3&#8243; resoinsive_indent=&#8221;xs&#8221;][vc_column_text 0=&#8221;&#8221;]<\/p>\n<h3>Barcelona<\/h3>\n<p>Carrer d\u2019Ernest Lluch 32<br \/>\nEdifici TCM2 Local 13<br \/>\nPlanta 4<br \/>\n08301, Matar\u00f3, Barcelona<br \/>\nSpain<br \/>\nTelf. +34 93 790 59 46<\/p>\n<p>barcelona@reexporta.com[\/vc_column_text][\/vc_column_inner][vc_column_inner width=&#8221;1\/3&#8243; resoinsive_indent=&#8221;xs&#8221;][vc_column_text 0=&#8221;&#8221;]<\/p>\n<h3>Alicante<\/h3>\n<p>Rambla de M\u00e9ndez N\u00fa\u00f1ez 21-23, 5\u00ba AB,<br \/>\n03002, Alicante<br \/>\nEspa\u00f1a<\/p>\n<p>alicante@reexporta.com[\/vc_column_text][\/vc_column_inner][vc_column_inner width=&#8221;1\/3&#8243; resoinsive_indent=&#8221;xs&#8221;][vc_column_text 0=&#8221;&#8221;]<\/p>\n<h3>Work with us<\/h3>\n<p>rrhh@reexporta.com[\/vc_column_text][\/vc_column_inner][\/vc_row_inner][\/vc_column][vc_column width=&#8221;1\/12&#8243; offset=&#8221;vc_col-lg-2 vc_col-md-2 vc_hidden-xs&#8221;][\/vc_column][\/vc_row]<\/p>\n","protected":false},"excerpt":{"rendered":"<p>Contact Reexporta Brands to advise you on your performance marketing strategies<\/p>\n","protected":false},"author":1,"featured_media":0,"parent":0,"menu_order":0,"comment_status":"closed","ping_status":"closed","template":"","meta":{"footnotes":""},"class_list":["post-10373","page","type-page","status-publish","hentry"],"yoast_head":"<!-- This site is optimized with the Yoast SEO plugin v26.1.1 - https:\/\/yoast.com\/wordpress\/plugins\/seo\/ -->\n<title>Contact - Reexporta<\/title>\n<meta name=\"description\" content=\"Contact\" \/>\n<meta name=\"robots\" content=\"index, follow, max-snippet:-1, max-image-preview:large, max-video-preview:-1\" \/>\n<link rel=\"canonical\" href=\"https:\/\/www.reexporta.com\/en\/contacto\/\" \/>\n<meta property=\"og:locale\" content=\"en_US\" \/>\n<meta property=\"og:type\" content=\"article\" \/>\n<meta property=\"og:title\" content=\"Contact - Reexporta\" \/>\n<meta property=\"og:description\" content=\"Contact\" \/>\n<meta property=\"og:url\" content=\"https:\/\/www.reexporta.com\/en\/contacto\/\" \/>\n<meta property=\"og:site_name\" content=\"Reexporta\" \/>\n<meta property=\"article:modified_time\" content=\"2025-04-11T09:38:30+00:00\" \/>\n<meta property=\"og:image\" content=\"https:\/\/www.reexporta.com\/wp-content\/uploads\/2022\/06\/logo-reexporta-brands-officev2-ok-washed.jpg\" \/>\n\t<meta property=\"og:image:width\" content=\"2016\" \/>\n\t<meta property=\"og:image:height\" content=\"1512\" \/>\n\t<meta property=\"og:image:type\" content=\"image\/jpeg\" \/>\n<meta name=\"twitter:card\" content=\"summary_large_image\" \/>\n<meta name=\"twitter:label1\" content=\"Est. reading time\" \/>\n\t<meta name=\"twitter:data1\" content=\"1 minute\" \/>\n<script type=\"application\/ld+json\" class=\"yoast-schema-graph\">{\"@context\":\"https:\/\/schema.org\",\"@graph\":[{\"@type\":[\"WebPage\",\"ContactPage\"],\"@id\":\"https:\/\/www.reexporta.com\/en\/contacto\/\",\"url\":\"https:\/\/www.reexporta.com\/en\/contacto\/\",\"name\":\"Contact - Reexporta\",\"isPartOf\":{\"@id\":\"https:\/\/www.reexporta.com\/#website\"},\"datePublished\":\"2015-12-26T08:08:20+00:00\",\"dateModified\":\"2025-04-11T09:38:30+00:00\",\"description\":\"Contact\",\"breadcrumb\":{\"@id\":\"https:\/\/www.reexporta.com\/en\/contacto\/#breadcrumb\"},\"inLanguage\":\"en-US\",\"potentialAction\":[{\"@type\":\"ReadAction\",\"target\":[\"https:\/\/www.reexporta.com\/en\/contacto\/\"]}]},{\"@type\":\"BreadcrumbList\",\"@id\":\"https:\/\/www.reexporta.com\/en\/contacto\/#breadcrumb\",\"itemListElement\":[{\"@type\":\"ListItem\",\"position\":1,\"name\":\"Portada\",\"item\":\"https:\/\/www.reexporta.com\/\"},{\"@type\":\"ListItem\",\"position\":2,\"name\":\"Contact\"}]},{\"@type\":\"WebSite\",\"@id\":\"https:\/\/www.reexporta.com\/#website\",\"url\":\"https:\/\/www.reexporta.com\/\",\"name\":\"Reexporta\",\"description\":\"Agencia de Performance Marketing\",\"publisher\":{\"@id\":\"https:\/\/www.reexporta.com\/#organization\"},\"potentialAction\":[{\"@type\":\"SearchAction\",\"target\":{\"@type\":\"EntryPoint\",\"urlTemplate\":\"https:\/\/www.reexporta.com\/?s={search_term_string}\"},\"query-input\":{\"@type\":\"PropertyValueSpecification\",\"valueRequired\":true,\"valueName\":\"search_term_string\"}}],\"inLanguage\":\"en-US\"},{\"@type\":\"Organization\",\"@id\":\"https:\/\/www.reexporta.com\/#organization\",\"name\":\"Reexporta\",\"url\":\"https:\/\/www.reexporta.com\/\",\"logo\":{\"@type\":\"ImageObject\",\"inLanguage\":\"en-US\",\"@id\":\"https:\/\/www.reexporta.com\/#\/schema\/logo\/image\/\",\"url\":\"https:\/\/www.reexporta.com\/wp-content\/uploads\/2018\/10\/logo_reexporta-black_l.png\",\"contentUrl\":\"https:\/\/www.reexporta.com\/wp-content\/uploads\/2018\/10\/logo_reexporta-black_l.png\",\"width\":330,\"height\":95,\"caption\":\"Reexporta\"},\"image\":{\"@id\":\"https:\/\/www.reexporta.com\/#\/schema\/logo\/image\/\"},\"sameAs\":[\"https:\/\/es.linkedin.com\/company\/reexporta\"]}]}<\/script>\n<!-- \/ Yoast SEO plugin. -->","yoast_head_json":{"title":"Contact - Reexporta","description":"Contact","robots":{"index":"index","follow":"follow","max-snippet":"max-snippet:-1","max-image-preview":"max-image-preview:large","max-video-preview":"max-video-preview:-1"},"canonical":"https:\/\/www.reexporta.com\/en\/contacto\/","og_locale":"en_US","og_type":"article","og_title":"Contact - Reexporta","og_description":"Contact","og_url":"https:\/\/www.reexporta.com\/en\/contacto\/","og_site_name":"Reexporta","article_modified_time":"2025-04-11T09:38:30+00:00","og_image":[{"width":2016,"height":1512,"url":"https:\/\/www.reexporta.com\/wp-content\/uploads\/2022\/06\/logo-reexporta-brands-officev2-ok-washed.jpg","type":"image\/jpeg"}],"twitter_card":"summary_large_image","twitter_misc":{"Est. reading time":"1 minute"},"schema":{"@context":"https:\/\/schema.org","@graph":[{"@type":["WebPage","ContactPage"],"@id":"https:\/\/www.reexporta.com\/en\/contacto\/","url":"https:\/\/www.reexporta.com\/en\/contacto\/","name":"Contact - Reexporta","isPartOf":{"@id":"https:\/\/www.reexporta.com\/#website"},"datePublished":"2015-12-26T08:08:20+00:00","dateModified":"2025-04-11T09:38:30+00:00","description":"Contact","breadcrumb":{"@id":"https:\/\/www.reexporta.com\/en\/contacto\/#breadcrumb"},"inLanguage":"en-US","potentialAction":[{"@type":"ReadAction","target":["https:\/\/www.reexporta.com\/en\/contacto\/"]}]},{"@type":"BreadcrumbList","@id":"https:\/\/www.reexporta.com\/en\/contacto\/#breadcrumb","itemListElement":[{"@type":"ListItem","position":1,"name":"Portada","item":"https:\/\/www.reexporta.com\/"},{"@type":"ListItem","position":2,"name":"Contact"}]},{"@type":"WebSite","@id":"https:\/\/www.reexporta.com\/#website","url":"https:\/\/www.reexporta.com\/","name":"Reexporta","description":"Agencia de Performance Marketing","publisher":{"@id":"https:\/\/www.reexporta.com\/#organization"},"potentialAction":[{"@type":"SearchAction","target":{"@type":"EntryPoint","urlTemplate":"https:\/\/www.reexporta.com\/?s={search_term_string}"},"query-input":{"@type":"PropertyValueSpecification","valueRequired":true,"valueName":"search_term_string"}}],"inLanguage":"en-US"},{"@type":"Organization","@id":"https:\/\/www.reexporta.com\/#organization","name":"Reexporta","url":"https:\/\/www.reexporta.com\/","logo":{"@type":"ImageObject","inLanguage":"en-US","@id":"https:\/\/www.reexporta.com\/#\/schema\/logo\/image\/","url":"https:\/\/www.reexporta.com\/wp-content\/uploads\/2018\/10\/logo_reexporta-black_l.png","contentUrl":"https:\/\/www.reexporta.com\/wp-content\/uploads\/2018\/10\/logo_reexporta-black_l.png","width":330,"height":95,"caption":"Reexporta"},"image":{"@id":"https:\/\/www.reexporta.com\/#\/schema\/logo\/image\/"},"sameAs":["https:\/\/es.linkedin.com\/company\/reexporta"]}]}},"_links":{"self":[{"href":"https:\/\/www.reexporta.com\/en\/wp-json\/wp\/v2\/pages\/10373","targetHints":{"allow":["GET"]}}],"collection":[{"href":"https:\/\/www.reexporta.com\/en\/wp-json\/wp\/v2\/pages"}],"about":[{"href":"https:\/\/www.reexporta.com\/en\/wp-json\/wp\/v2\/types\/page"}],"author":[{"embeddable":true,"href":"https:\/\/www.reexporta.com\/en\/wp-json\/wp\/v2\/users\/1"}],"replies":[{"embeddable":true,"href":"https:\/\/www.reexporta.com\/en\/wp-json\/wp\/v2\/comments?post=10373"}],"version-history":[{"count":14,"href":"https:\/\/www.reexporta.com\/en\/wp-json\/wp\/v2\/pages\/10373\/revisions"}],"predecessor-version":[{"id":12950,"href":"https:\/\/www.reexporta.com\/en\/wp-json\/wp\/v2\/pages\/10373\/revisions\/12950"}],"wp:attachment":[{"href":"https:\/\/www.reexporta.com\/en\/wp-json\/wp\/v2\/media?parent=10373"}],"curies":[{"name":"wp","href":"https:\/\/api.w.org\/{rel}","templated":true}]}}