{"id":10919,"date":"2020-11-02T12:25:47","date_gmt":"2020-11-02T12:25:47","guid":{"rendered":"https:\/\/www.reexporta.com\/?page_id=10919"},"modified":"2020-11-09T07:09:10","modified_gmt":"2020-11-09T07:09:10","slug":"politica-de-cookies","status":"publish","type":"page","link":"https:\/\/www.reexporta.com\/ca\/politica-de-cookies\/","title":{"rendered":"Pol\u00edtica de cookies"},"content":{"rendered":"<p>[vc_row][vc_column][vc_custom_heading text=&#8221;Pol\u00edtica de cookies&#8221; google_fonts=&#8221;font_family:Open%20Sans%3A300%2C300italic%2Cregular%2Citalic%2C600%2C600italic%2C700%2C700italic%2C800%2C800italic|font_style:400%20regular%3A400%3Anormal&#8221; font_container=&#8221;tag:h1|text_align:left&#8221; css=&#8221;.vc_custom_1604316453260{margin-bottom: 62px !important;}&#8221;][vc_column_text]Aquest lloc web, propietat de Think About Export S.L. (Reexporta), fa servir cookies que emmagatzemen i recuperen informaci\u00f3 quan navegues per les p\u00e0gines. En general, aquestes tecnologies poden servir per a finalitats molt diverses, com, per exemple, recon\u00e8ixer-te com a usuari, obtenir informaci\u00f3 sobre els teus h\u00e0bits de navegaci\u00f3, o personalitzar la forma com es mostra el contingut.<\/p>\n<p>Al\u00a0 nostre lloc web, si acceptes les cookies, est\u00e0s acceptant cookies d&#8217;an\u00e0lisis de Google Analytics.<\/p>\n<p>Detallades en la seg\u00fcent taula:<\/p>\n<table style=\"width: 75%;\">\n<thead>\n<tr>\n<th>Nom de la cookie<\/th>\n<th>Finalitat<\/th>\n<th>Durada<\/th>\n<th>Descripci\u00f3<\/th>\n<\/tr>\n<\/thead>\n<tbody>\n<tr>\n<td>_ga<\/td>\n<td>Estad\u00edstica i anal\u00edtica<\/td>\n<td>2 a\u00f1os<\/td>\n<td>Per a diferenciar als usuaris.<\/td>\n<\/tr>\n<tr>\n<td>_gid<\/td>\n<td>Estad\u00edstica i anal\u00edtica<\/td>\n<td>24 horas<\/td>\n<td>Per a diferenciar als usuaris.<\/td>\n<\/tr>\n<tr>\n<td>_gat<\/td>\n<td>Estad\u00edstica i anal\u00edtica<\/td>\n<td>1 minuto<\/td>\n<td>Per a limitar el percentatge de sol\u00b7licituds.<\/td>\n<\/tr>\n<tr>\n<td>__cfduid<\/td>\n<td>Millora de rendiment<\/td>\n<td>30 d\u00edas<\/td>\n<td>Detectar visitants malintencionats i minimitza el bloqueig d&#8217;usuaris leg\u00edtims,<\/td>\n<\/tr>\n<\/tbody>\n<\/table>\n<p>Tractades per Google Analytics, permeten quantificar el nombre d&#8217;usuaris i realitzar la mesura i an\u00e0lisi estad\u00edstica de la utilitzaci\u00f3 del lloc web. Per aix\u00f2 s&#8217;analitza la navegaci\u00f3 dels usuaris al nostre lloc web, en cap cas s\u2019identifica la teva identitat, sin\u00f3 que s\u00f3n dades tractades amb finalitats estad\u00edstiques per a con\u00e8ixer el tr\u00e0nsit i comportament dels usuaris en general.<\/p>\n<p>Tingues en compte que, una vegada acceptades les cookies de tercers, per a eliminar-les haur\u00e0s de fer-ho des de les opcions del teu navegador. En els seg\u00fcents enlla\u00e7os pots consultar com eliminar les cookies des dels diferents navegadors:<\/p>\n<ul>\n<li><a href=\"https:\/\/support.google.com\/chrome\/answer\/2392709?visit_id=1-636444313226695599-2801920294&amp;amp;rd=1\" target=\"_blank\" rel=\"noopener\">Chrome<\/a><\/li>\n<li><a href=\"https:\/\/support.mozilla.org\/es\/kb\/Borrar%20cookies\" target=\"_blank\" rel=\"noopener\">Firefox<\/a><\/li>\n<li><a href=\"https:\/\/support.apple.com\/kb\/ph5042?locale=es_ES\" target=\"_blank\" rel=\"noopener\">Safari<\/a><\/li>\n<li><a href=\"https:\/\/support.microsoft.com\/es-es\/help\/278835\/how-to-delete-cookie-files-in-internet-explorer\" target=\"_blank\" rel=\"noopener\">Explorer<\/a><\/li>\n<li><a href=\"https:\/\/support.microsoft.com\/es-es\/windows\/microsoft-edge-datos-de-exploraci%C3%B3n-y-privacidad-bb8174ba-9d73-dcf2-9b4a-c582b4e640dd\" target=\"_blank\" rel=\"noopener\">Microsoft Edge<\/a><\/li>\n<\/ul>\n<p>[\/vc_column_text][\/vc_column][\/vc_row]<\/p>\n","protected":false},"excerpt":{"rendered":"<p>[vc_row][vc_column][vc_custom_heading text=&#8221;Pol\u00edtica de cookies&#8221; google_fonts=&#8221;font_family:Open%20Sans%3A300%2C300italic%2Cregular%2Citalic%2C600%2C600italic%2C700%2C700italic%2C800%2C800italic|font_style:400%20regular%3A400%3Anormal&#8221; font_container=&#8221;tag:h1|text_align:left&#8221; css=&#8221;.vc_custom_1604316453260{margin-bottom: 62px !important;}&#8221;][vc_column_text]Aquest lloc web, propietat de Think About Export S.L. (Reexporta), fa servir cookies que emmagatzemen i recuperen informaci\u00f3 quan navegues per les [&hellip;]<\/p>\n","protected":false},"author":1,"featured_media":0,"parent":0,"menu_order":0,"comment_status":"closed","ping_status":"closed","template":"","meta":{"footnotes":""},"class_list":["post-10919","page","type-page","status-publish","hentry"],"yoast_head":"<!-- This site is optimized with the Yoast SEO plugin v26.1.1 - https:\/\/yoast.com\/wordpress\/plugins\/seo\/ -->\n<title>Pol\u00edtica de cookies - Reexporta<\/title>\n<meta name=\"description\" content=\"Pol\u00edtica de cookies\" \/>\n<meta name=\"robots\" content=\"index, follow, max-snippet:-1, max-image-preview:large, max-video-preview:-1\" \/>\n<link rel=\"canonical\" href=\"https:\/\/www.reexporta.com\/politica-de-cookies\/\" \/>\n<meta property=\"og:locale\" content=\"ca_ES\" \/>\n<meta property=\"og:type\" content=\"article\" \/>\n<meta property=\"og:title\" content=\"Pol\u00edtica de cookies - Reexporta\" \/>\n<meta property=\"og:description\" content=\"Pol\u00edtica de cookies\" \/>\n<meta property=\"og:url\" content=\"https:\/\/www.reexporta.com\/politica-de-cookies\/\" \/>\n<meta property=\"og:site_name\" content=\"Reexporta\" \/>\n<meta property=\"article:modified_time\" content=\"2020-11-09T07:09:10+00:00\" \/>\n<meta property=\"og:image\" content=\"https:\/\/www.reexporta.com\/wp-content\/uploads\/2022\/06\/logo-reexporta-brands-officev2-ok-washed.jpg\" \/>\n\t<meta property=\"og:image:width\" content=\"2016\" \/>\n\t<meta property=\"og:image:height\" content=\"1512\" \/>\n\t<meta property=\"og:image:type\" content=\"image\/jpeg\" \/>\n<meta name=\"twitter:card\" content=\"summary_large_image\" \/>\n<meta name=\"twitter:label1\" content=\"Temps estimat de lectura\" \/>\n\t<meta name=\"twitter:data1\" content=\"2 minuts\" \/>\n<script type=\"application\/ld+json\" class=\"yoast-schema-graph\">{\"@context\":\"https:\/\/schema.org\",\"@graph\":[{\"@type\":\"WebPage\",\"@id\":\"https:\/\/www.reexporta.com\/politica-de-cookies\/\",\"url\":\"https:\/\/www.reexporta.com\/politica-de-cookies\/\",\"name\":\"Pol\u00edtica de cookies - Reexporta\",\"isPartOf\":{\"@id\":\"https:\/\/www.reexporta.com\/#website\"},\"datePublished\":\"2020-11-02T12:25:47+00:00\",\"dateModified\":\"2020-11-09T07:09:10+00:00\",\"description\":\"Pol\u00edtica de cookies\",\"breadcrumb\":{\"@id\":\"https:\/\/www.reexporta.com\/politica-de-cookies\/#breadcrumb\"},\"inLanguage\":\"ca\",\"potentialAction\":[{\"@type\":\"ReadAction\",\"target\":[\"https:\/\/www.reexporta.com\/politica-de-cookies\/\"]}]},{\"@type\":\"BreadcrumbList\",\"@id\":\"https:\/\/www.reexporta.com\/politica-de-cookies\/#breadcrumb\",\"itemListElement\":[{\"@type\":\"ListItem\",\"position\":1,\"name\":\"Portada\",\"item\":\"https:\/\/www.reexporta.com\/\"},{\"@type\":\"ListItem\",\"position\":2,\"name\":\"Pol\u00edtica de cookies\"}]},{\"@type\":\"WebSite\",\"@id\":\"https:\/\/www.reexporta.com\/#website\",\"url\":\"https:\/\/www.reexporta.com\/\",\"name\":\"Reexporta\",\"description\":\"Agencia de Performance Marketing\",\"publisher\":{\"@id\":\"https:\/\/www.reexporta.com\/#organization\"},\"potentialAction\":[{\"@type\":\"SearchAction\",\"target\":{\"@type\":\"EntryPoint\",\"urlTemplate\":\"https:\/\/www.reexporta.com\/?s={search_term_string}\"},\"query-input\":{\"@type\":\"PropertyValueSpecification\",\"valueRequired\":true,\"valueName\":\"search_term_string\"}}],\"inLanguage\":\"ca\"},{\"@type\":\"Organization\",\"@id\":\"https:\/\/www.reexporta.com\/#organization\",\"name\":\"Reexporta\",\"url\":\"https:\/\/www.reexporta.com\/\",\"logo\":{\"@type\":\"ImageObject\",\"inLanguage\":\"ca\",\"@id\":\"https:\/\/www.reexporta.com\/#\/schema\/logo\/image\/\",\"url\":\"https:\/\/www.reexporta.com\/wp-content\/uploads\/2018\/10\/logo_reexporta-black_l.png\",\"contentUrl\":\"https:\/\/www.reexporta.com\/wp-content\/uploads\/2018\/10\/logo_reexporta-black_l.png\",\"width\":330,\"height\":95,\"caption\":\"Reexporta\"},\"image\":{\"@id\":\"https:\/\/www.reexporta.com\/#\/schema\/logo\/image\/\"},\"sameAs\":[\"https:\/\/es.linkedin.com\/company\/reexporta\"]}]}<\/script>\n<!-- \/ Yoast SEO plugin. -->","yoast_head_json":{"title":"Pol\u00edtica de cookies - Reexporta","description":"Pol\u00edtica de cookies","robots":{"index":"index","follow":"follow","max-snippet":"max-snippet:-1","max-image-preview":"max-image-preview:large","max-video-preview":"max-video-preview:-1"},"canonical":"https:\/\/www.reexporta.com\/politica-de-cookies\/","og_locale":"ca_ES","og_type":"article","og_title":"Pol\u00edtica de cookies - Reexporta","og_description":"Pol\u00edtica de cookies","og_url":"https:\/\/www.reexporta.com\/politica-de-cookies\/","og_site_name":"Reexporta","article_modified_time":"2020-11-09T07:09:10+00:00","og_image":[{"width":2016,"height":1512,"url":"https:\/\/www.reexporta.com\/wp-content\/uploads\/2022\/06\/logo-reexporta-brands-officev2-ok-washed.jpg","type":"image\/jpeg"}],"twitter_card":"summary_large_image","twitter_misc":{"Temps estimat de lectura":"2 minuts"},"schema":{"@context":"https:\/\/schema.org","@graph":[{"@type":"WebPage","@id":"https:\/\/www.reexporta.com\/politica-de-cookies\/","url":"https:\/\/www.reexporta.com\/politica-de-cookies\/","name":"Pol\u00edtica de cookies - Reexporta","isPartOf":{"@id":"https:\/\/www.reexporta.com\/#website"},"datePublished":"2020-11-02T12:25:47+00:00","dateModified":"2020-11-09T07:09:10+00:00","description":"Pol\u00edtica de cookies","breadcrumb":{"@id":"https:\/\/www.reexporta.com\/politica-de-cookies\/#breadcrumb"},"inLanguage":"ca","potentialAction":[{"@type":"ReadAction","target":["https:\/\/www.reexporta.com\/politica-de-cookies\/"]}]},{"@type":"BreadcrumbList","@id":"https:\/\/www.reexporta.com\/politica-de-cookies\/#breadcrumb","itemListElement":[{"@type":"ListItem","position":1,"name":"Portada","item":"https:\/\/www.reexporta.com\/"},{"@type":"ListItem","position":2,"name":"Pol\u00edtica de cookies"}]},{"@type":"WebSite","@id":"https:\/\/www.reexporta.com\/#website","url":"https:\/\/www.reexporta.com\/","name":"Reexporta","description":"Agencia de Performance Marketing","publisher":{"@id":"https:\/\/www.reexporta.com\/#organization"},"potentialAction":[{"@type":"SearchAction","target":{"@type":"EntryPoint","urlTemplate":"https:\/\/www.reexporta.com\/?s={search_term_string}"},"query-input":{"@type":"PropertyValueSpecification","valueRequired":true,"valueName":"search_term_string"}}],"inLanguage":"ca"},{"@type":"Organization","@id":"https:\/\/www.reexporta.com\/#organization","name":"Reexporta","url":"https:\/\/www.reexporta.com\/","logo":{"@type":"ImageObject","inLanguage":"ca","@id":"https:\/\/www.reexporta.com\/#\/schema\/logo\/image\/","url":"https:\/\/www.reexporta.com\/wp-content\/uploads\/2018\/10\/logo_reexporta-black_l.png","contentUrl":"https:\/\/www.reexporta.com\/wp-content\/uploads\/2018\/10\/logo_reexporta-black_l.png","width":330,"height":95,"caption":"Reexporta"},"image":{"@id":"https:\/\/www.reexporta.com\/#\/schema\/logo\/image\/"},"sameAs":["https:\/\/es.linkedin.com\/company\/reexporta"]}]}},"_links":{"self":[{"href":"https:\/\/www.reexporta.com\/ca\/wp-json\/wp\/v2\/pages\/10919","targetHints":{"allow":["GET"]}}],"collection":[{"href":"https:\/\/www.reexporta.com\/ca\/wp-json\/wp\/v2\/pages"}],"about":[{"href":"https:\/\/www.reexporta.com\/ca\/wp-json\/wp\/v2\/types\/page"}],"author":[{"embeddable":true,"href":"https:\/\/www.reexporta.com\/ca\/wp-json\/wp\/v2\/users\/1"}],"replies":[{"embeddable":true,"href":"https:\/\/www.reexporta.com\/ca\/wp-json\/wp\/v2\/comments?post=10919"}],"version-history":[{"count":9,"href":"https:\/\/www.reexporta.com\/ca\/wp-json\/wp\/v2\/pages\/10919\/revisions"}],"predecessor-version":[{"id":10950,"href":"https:\/\/www.reexporta.com\/ca\/wp-json\/wp\/v2\/pages\/10919\/revisions\/10950"}],"wp:attachment":[{"href":"https:\/\/www.reexporta.com\/ca\/wp-json\/wp\/v2\/media?parent=10919"}],"curies":[{"name":"wp","href":"https:\/\/api.w.org\/{rel}","templated":true}]}}