{"id":10557,"date":"2018-07-20T09:21:57","date_gmt":"2018-07-20T09:21:57","guid":{"rendered":"http:\/\/www.reexporta.com\/?page_id=10557"},"modified":"2022-06-22T09:44:27","modified_gmt":"2022-06-22T09:44:27","slug":"home-cat","status":"publish","type":"page","link":"https:\/\/www.reexporta.com\/ca\/","title":{"rendered":"Home CAT"},"content":{"rendered":"<p>[vc_row full_width=&#8221;stretch_row&#8221; custom_padding=&#8221;true&#8221; custom_padding_t=&#8221;0&#8243; custom_padding_b=&#8221;0&#8243; full_height=&#8221;yes&#8221; row_overlay=&#8221;color&#8221; row_overlay_opacity=&#8221;70&#8243; row_overlay_color=&#8221;#ff6e00&#8243; video_bg=&#8221;yes&#8221; video_mp4=&#8221;https:\/\/www.reexporta.com\/wp-content\/uploads\/2018\/09\/home-design-studio.mp4&#8243; video=&#8221;show_video&#8221; css=&#8221;.vc_custom_1536315154202{background-image: url(http:\/\/puzzlerbox.com\/levelup\/wp-content\/uploads\/2016\/05\/bg_pattern.png?id=7965) !important;background-position: 0 0 !important;background-repeat: repeat !important;}&#8221;][vc_column width=&#8221;11\/12&#8243;][vc_custom_heading text=&#8221;A mida, perqu\u00e8 no tots som iguals&#8230;&#8221; google_fonts=&#8221;font_family:Roboto%3A100%2C100italic%2C300%2C300italic%2Cregular%2Citalic%2C500%2C500italic%2C700%2C700italic%2C900%2C900italic|font_style:900%20bold%20regular%3A900%3Anormal&#8221; font_container=&#8221;tag:h2|font_size:90|text_align:left|color:%23ffffff&#8221; font_title_responsive=&#8221;true&#8221; line_height_responsive=&#8221;110&#8243; text_animation=&#8221;char&#8221; text_animation_type=&#8221;slideUpIn&#8221; text_animation_speed=&#8221;fast&#8221;][rdy_button text=&#8221;Digital Performance Marketing&#8221; font_weight=&#8221;700&#8243; uppercase=&#8221;true&#8221; align=&#8221;left&#8221; margin_top=&#8221;40&#8243; margin_bottom=&#8221;0&#8243; animation=&#8221;bg_fill&#8221; background=&#8221;&#8221; background_hover=&#8221;#ffffff&#8221; text_color_hover=&#8221;#ff6e00&#8243; border_radius=&#8221;0&#8243; css_animation=&#8221;bounceIn&#8221; animation_delay=&#8221;3000&#8243; link=&#8221;url:%23hds|||&#8221;][\/vc_column][\/vc_row][vc_row custom_padding=&#8221;true&#8221; custom_padding_t=&#8221;80&#8243; custom_padding_b=&#8221;80&#8243; gap=&#8221;60&#8243;][vc_column offset=&#8221;vc_col-lg-6 vc_col-md-6&#8243;]<div class=\"birdy-menu-anchor\" id=\"hds\" style=\"position: relative; top:-140px;\"><\/div>[vc_custom_heading text=&#8221;Ag\u00e8ncia de Performance M\u00e0rqueting especialitzada en el desenvolupament de m\u00e8triques eficients, an\u00e0lisis efica\u00e7os i optimitzaci\u00f3 de recursos&#8221; google_fonts=&#8221;font_family:Roboto%3A100%2C100italic%2C300%2C300italic%2Cregular%2Citalic%2C500%2C500italic%2C700%2C700italic%2C900%2C900italic|font_style:900%20bold%20regular%3A900%3Anormal&#8221; font_container=&#8221;tag:h2|font_size:30|text_align:left|line_height:1.2&#8243; spacing=&#8221;&#8221; css=&#8221;.vc_custom_1509016373005{padding-bottom: 50px !important;}&#8221;][rdy_counter type=&#8221;motion&#8221; google_fonts=&#8221;font_family:Roboto%3A100%2C100italic%2C300%2C300italic%2Cregular%2Citalic%2C500%2C500italic%2C700%2C700italic%2C900%2C900italic|font_style:900%20bold%20regular%3A900%3Anormal&#8221; font_title_responsive=&#8221;true&#8221; digit=&#8221;200&#8243; font_size=&#8221;90&#8243; c_symbol=&#8221;+&#8221;][vc_custom_heading text=&#8221;Projectes&#8221; google_fonts=&#8221;font_family:Roboto%3A100%2C100italic%2C300%2C300italic%2Cregular%2Citalic%2C500%2C500italic%2C700%2C700italic%2C900%2C900italic|font_style:900%20bold%20regular%3A900%3Anormal&#8221; font_container=&#8221;tag:p|font_size:18|text_align:left|color:%23ff6e00&#8243; spacing=&#8221;&#8221; transform=&#8221;uppercase&#8221; css_animation=&#8221;fadeIn&#8221; transition_delay=&#8221;500&#8243; css=&#8221;.vc_custom_1509016400483{padding-top: 10px !important;}&#8221;][rdy_button text=&#8221;Els nostres serveis&#8221; size=&#8221;large&#8221; align=&#8221;left&#8221; margin_top=&#8221;0&#8243; margin_bottom=&#8221;0&#8243; style=&#8221;outline&#8221; outline_skin=&#8221;custom2&#8243; outline_active_color=&#8221;#000000&#8243; outline_hover_color=&#8221;#ff6e00&#8243; border_size=&#8221;2&#8243; border_radius=&#8221;2&#8243; shadow=&#8221;shadow1&#8243; shadow_on_hover=&#8221;true&#8221; move_top=&#8221;true&#8221; link=&#8221;url:%2Fca%2Fservicios-brands%2F|||&#8221;][\/vc_column][vc_column vertical_spacing=&#8221;45&#8243; offset=&#8221;vc_col-lg-6 vc_col-md-6&#8243;][rdy_icon_text type_font=&#8221;etline&#8221; icon_position=&#8221;left_from_title&#8221; title=&#8221;Metrics measurement and analysis&#8221; title_tag=&#8221;h3&#8243; icon_etline=&#8221;etline-target&#8221;]Disposa d&#8217;un panell de control eficient amb el resultat real de les seves campanyes?[\/rdy_icon_text][rdy_icon_text type_font=&#8221;entypo&#8221; icon_entypo=&#8221;entypo-icon entypo-icon-chart-line&#8221; icon_position=&#8221;left_from_title&#8221; title=&#8221;Ads campaigns improvement&#8221; title_tag=&#8221;h3&#8243;]Creu que el rendiment de les seves campanyes no \u00e9s l&#8217;adequat?[\/rdy_icon_text][rdy_icon_text type_font=&#8221;linecons&#8221; icon_linecons=&#8221;vc_li vc_li-search&#8221; icon_position=&#8221;left_from_title&#8221; icon_margin_right=&#8221;20&#8243; title=&#8221;Web performance optimization&#8221; title_tag=&#8221;h3&#8243; icon_custom_settings=&#8221;true&#8221;]La seva web atrau tr\u00e0nsit, per\u00f2 no obt\u00e9 la conversi\u00f3 desitjada?[\/rdy_icon_text][rdy_icon_text icon_fontawesome=&#8221;fa fa-wpforms&#8221; icon_position=&#8221;left_from_title&#8221; icon_margin_right=&#8221;20&#8243; title=&#8221;Digital benchmark&#8221; title_tag=&#8221;h3&#8243; icon_custom_settings=&#8221;true&#8221;]Coneix i controla el que est\u00e0 fent la seva compet\u00e8ncia a Internet?[\/rdy_icon_text][rdy_icon_text icon_fontawesome=&#8221;fa fa-globe&#8221; icon_position=&#8221;left_from_title&#8221; icon_margin_right=&#8221;20&#8243; title=&#8221;International Digital Marketing&#8221; title_tag=&#8221;h3&#8243; icon_custom_settings=&#8221;true&#8221;]Vol vendre a nous pa\u00efsos per Internet?[\/rdy_icon_text][\/vc_column][\/vc_row][vc_row full_width=&#8221;stretch_row_content_no_spaces&#8221; row_overlay=&#8221;color&#8221; row_overlay_opacity=&#8221;70&#8243; row_overlay_color=&#8221;#ff6e00&#8243; css=&#8221;.vc_custom_1496325331582{background-image: url(http:\/\/www.reexporta.com\/wp-content\/uploads\/2016\/05\/bg_pattern.png?id=7965) !important;background-position: 0 0 !important;background-repeat: repeat !important;}&#8221;][vc_column]<div class=\"container-fluid0 rdy_portfolio_container\"><div class=\"rdy_portfolio_wrap row0\"><div class=\"rdy_portfolio-1 rdy-portfolio-container iso-container active-border active-border-fade type-height hover-zoom_in content-left\" data-gutter=\"3\" data-uniqid=\"1409305847\" data-items-animation=\"slideUpBigIn\" data-items-animation-queue=\"1\"><div class=\"item-10404 isotope-item grid-item do-animation col-xs-12 category-91\">\r\n    <article class=\"post post-10404 rdy_portfolio type-rdy_portfolio status-publish has-post-thumbnail hentry rdy_portfolio_category-reexporta-brands\">\r\n        <div class=\"grid\">\r\n            \r\n            <figure>\r\n                <div class=\"picture\">\r\n                    <div class=\"item-content img\" style=\"min-height: 300px;height: 40vh;background-image:url(https:\/\/www.reexporta.com\/wp-content\/uploads\/2015\/11\/analytics-metrics-1.jpg);\"><\/div>\r\n                    <div class=\"overlay\" style=\"background-color:#ff6e00;\"><\/div>                <\/div>\r\n\r\n                                    <a class=\"\" href=\"https:\/\/www.reexporta.com\/ca\/portfolio\/metrics-mesurement-and-analysis\/\">\r\n                \r\n                    <div class=\"figcaption only_title\">\r\n                    <div class=\"col-table\">\r\n                    <div class=\"col-td\">\r\n                        <div class=\"title_wrap\">\r\n                        <h2>Metrics measurement and analysis<\/h2>                                                <\/div>\r\n                    <\/div>\r\n                    <\/div>\r\n                    <\/div>\r\n\r\n                                    <\/a>\r\n                            <\/figure>\r\n\r\n\r\n                    <\/div>\r\n    <\/article><!-- #post-10404 -->\r\n<\/div><div class=\"item-10407 isotope-item grid-item do-animation col-xs-12 category-91\">\r\n    <article class=\"post post-10407 rdy_portfolio type-rdy_portfolio status-publish has-post-thumbnail hentry rdy_portfolio_category-reexporta-brands\">\r\n        <div class=\"grid\">\r\n            \r\n            <figure>\r\n                <div class=\"picture\">\r\n                    <div class=\"item-content img\" style=\"min-height: 300px;height: 40vh;background-image:url(https:\/\/www.reexporta.com\/wp-content\/uploads\/2015\/11\/ads-campaigns-improvement.jpg);\"><\/div>\r\n                    <div class=\"overlay\" style=\"background-color:#ff6e00;\"><\/div>                <\/div>\r\n\r\n                                    <a class=\"\" href=\"https:\/\/www.reexporta.com\/ca\/portfolio\/ads-campaigns-improvement\/\">\r\n                \r\n                    <div class=\"figcaption only_title\">\r\n                    <div class=\"col-table\">\r\n                    <div class=\"col-td\">\r\n                        <div class=\"title_wrap\">\r\n                        <h2>Ads campaigns improvement<\/h2>                                                <\/div>\r\n                    <\/div>\r\n                    <\/div>\r\n                    <\/div>\r\n\r\n                                    <\/a>\r\n                            <\/figure>\r\n\r\n\r\n                    <\/div>\r\n    <\/article><!-- #post-10407 -->\r\n<\/div><div class=\"item-10409 isotope-item grid-item do-animation col-xs-12 category-91\">\r\n    <article class=\"post post-10409 rdy_portfolio type-rdy_portfolio status-publish has-post-thumbnail hentry rdy_portfolio_category-reexporta-brands\">\r\n        <div class=\"grid\">\r\n            \r\n            <figure>\r\n                <div class=\"picture\">\r\n                    <div class=\"item-content img\" style=\"min-height: 300px;height: 40vh;background-image:url(https:\/\/www.reexporta.com\/wp-content\/uploads\/2015\/11\/web-performance.jpg);\"><\/div>\r\n                    <div class=\"overlay\" style=\"background-color:#ff6e00;\"><\/div>                <\/div>\r\n\r\n                                    <a class=\"\" href=\"https:\/\/www.reexporta.com\/ca\/portfolio\/web-performance-optimization\/\">\r\n                \r\n                    <div class=\"figcaption only_title\">\r\n                    <div class=\"col-table\">\r\n                    <div class=\"col-td\">\r\n                        <div class=\"title_wrap\">\r\n                        <h2>Web performance optimization<\/h2>                                                <\/div>\r\n                    <\/div>\r\n                    <\/div>\r\n                    <\/div>\r\n\r\n                                    <\/a>\r\n                            <\/figure>\r\n\r\n\r\n                    <\/div>\r\n    <\/article><!-- #post-10409 -->\r\n<\/div><div class=\"item-10415 isotope-item grid-item do-animation col-xs-12 category-91\">\r\n    <article class=\"post post-10415 rdy_portfolio type-rdy_portfolio status-publish has-post-thumbnail hentry rdy_portfolio_category-reexporta-brands\">\r\n        <div class=\"grid\">\r\n            \r\n            <figure>\r\n                <div class=\"picture\">\r\n                    <div class=\"item-content img\" style=\"min-height: 300px;height: 40vh;background-image:url(https:\/\/www.reexporta.com\/wp-content\/uploads\/2015\/11\/benchmark2-1.jpg);\"><\/div>\r\n                    <div class=\"overlay\" style=\"background-color:#ff6e00;\"><\/div>                <\/div>\r\n\r\n                                    <a class=\"\" href=\"https:\/\/www.reexporta.com\/ca\/portfolio\/digital-benchmark\/\">\r\n                \r\n                    <div class=\"figcaption only_title\">\r\n                    <div class=\"col-table\">\r\n                    <div class=\"col-td\">\r\n                        <div class=\"title_wrap\">\r\n                        <h2>Digital benchmark<\/h2>                                                <\/div>\r\n                    <\/div>\r\n                    <\/div>\r\n                    <\/div>\r\n\r\n                                    <\/a>\r\n                            <\/figure>\r\n\r\n\r\n                    <\/div>\r\n    <\/article><!-- #post-10415 -->\r\n<\/div><div class=\"item-10652 isotope-item grid-item do-animation col-xs-12 category-91\">\r\n    <article class=\"post post-10652 rdy_portfolio type-rdy_portfolio status-publish has-post-thumbnail hentry rdy_portfolio_category-reexporta-brands\">\r\n        <div class=\"grid\">\r\n            \r\n            <figure>\r\n                <div class=\"picture\">\r\n                    <div class=\"item-content img\" style=\"min-height: 300px;height: 40vh;background-image:url(https:\/\/www.reexporta.com\/wp-content\/uploads\/2014\/10\/international-internet-marketing.jpg);\"><\/div>\r\n                    <div class=\"overlay\" style=\"background-color:#ff6e00;\"><\/div>                <\/div>\r\n\r\n                                    <a class=\"\" href=\"https:\/\/www.reexporta.com\/ca\/portfolio\/international-marketing\/\">\r\n                \r\n                    <div class=\"figcaption only_title\">\r\n                    <div class=\"col-table\">\r\n                    <div class=\"col-td\">\r\n                        <div class=\"title_wrap\">\r\n                        <h2>International Digital Marketing<\/h2>                                                <\/div>\r\n                    <\/div>\r\n                    <\/div>\r\n                    <\/div>\r\n\r\n                                    <\/a>\r\n                            <\/figure>\r\n\r\n\r\n                    <\/div>\r\n    <\/article><!-- #post-10652 -->\r\n<\/div><div class=\"col-lg-6 col-md-6 col-sm-6 col-xs-12 grid-sizer\"><\/div><\/div><\/div><\/div>[\/vc_column][\/vc_row][vc_row][vc_column][rdy_client_list autoplay=&#8221;true&#8221; column=&#8221;5&#8243; gutter_space_carousel=&#8221;5&#8243; hover=&#8221;true&#8221; include=&#8221;9831,9834,9833,9843,9993,9992,9975,9986,9979,9980,9988,10527,10471,10540,10541,10545,10888,10892,10899,12081,12077,12076,12082,12084,12073&#8243;][\/vc_column][\/vc_row]<\/p>\n","protected":false},"excerpt":{"rendered":"<p>Agencia de Performance Marketing especializada en el desarrollo de m\u00e9tricas eficientes, an\u00e1lisis eficaces y optimizaci\u00f3n de recursos<\/p>\n","protected":false},"author":1,"featured_media":0,"parent":0,"menu_order":0,"comment_status":"closed","ping_status":"closed","template":"","meta":{"footnotes":""},"class_list":["post-10557","page","type-page","status-publish","hentry"],"yoast_head":"<!-- This site is optimized with the Yoast SEO plugin v26.1.1 - https:\/\/yoast.com\/wordpress\/plugins\/seo\/ -->\n<title>Home CAT - Reexporta<\/title>\n<meta name=\"description\" content=\"Home CAT\" \/>\n<meta name=\"robots\" content=\"index, follow, max-snippet:-1, max-image-preview:large, max-video-preview:-1\" \/>\n<link rel=\"canonical\" href=\"https:\/\/www.reexporta.com\/\" \/>\n<meta property=\"og:locale\" content=\"ca_ES\" \/>\n<meta property=\"og:type\" content=\"article\" \/>\n<meta property=\"og:title\" content=\"Home CAT - Reexporta\" \/>\n<meta property=\"og:description\" content=\"Home CAT\" \/>\n<meta property=\"og:url\" content=\"https:\/\/www.reexporta.com\/\" \/>\n<meta property=\"og:site_name\" content=\"Reexporta\" \/>\n<meta property=\"article:modified_time\" content=\"2022-06-22T09:44:27+00:00\" \/>\n<meta property=\"og:image\" content=\"https:\/\/www.reexporta.com\/wp-content\/uploads\/2022\/06\/logo-reexporta-brands-officev2-ok-washed.jpg\" \/>\n\t<meta property=\"og:image:width\" content=\"2016\" \/>\n\t<meta property=\"og:image:height\" content=\"1512\" \/>\n\t<meta property=\"og:image:type\" content=\"image\/jpeg\" \/>\n<meta name=\"twitter:card\" content=\"summary_large_image\" \/>\n<meta name=\"twitter:label1\" content=\"Temps estimat de lectura\" \/>\n\t<meta name=\"twitter:data1\" content=\"4 minuts\" \/>\n<script type=\"application\/ld+json\" class=\"yoast-schema-graph\">{\"@context\":\"https:\/\/schema.org\",\"@graph\":[{\"@type\":\"WebPage\",\"@id\":\"https:\/\/www.reexporta.com\/\",\"url\":\"https:\/\/www.reexporta.com\/\",\"name\":\"Home CAT - Reexporta\",\"isPartOf\":{\"@id\":\"https:\/\/www.reexporta.com\/#website\"},\"datePublished\":\"2018-07-20T09:21:57+00:00\",\"dateModified\":\"2022-06-22T09:44:27+00:00\",\"description\":\"Home CAT\",\"breadcrumb\":{\"@id\":\"https:\/\/www.reexporta.com\/#breadcrumb\"},\"inLanguage\":\"ca\",\"potentialAction\":[{\"@type\":\"ReadAction\",\"target\":[\"https:\/\/www.reexporta.com\/\"]}]},{\"@type\":\"BreadcrumbList\",\"@id\":\"https:\/\/www.reexporta.com\/#breadcrumb\",\"itemListElement\":[{\"@type\":\"ListItem\",\"position\":1,\"name\":\"Portada\",\"item\":\"https:\/\/www.reexporta.com\/\"},{\"@type\":\"ListItem\",\"position\":2,\"name\":\"Home CAT\"}]},{\"@type\":\"WebSite\",\"@id\":\"https:\/\/www.reexporta.com\/#website\",\"url\":\"https:\/\/www.reexporta.com\/\",\"name\":\"Reexporta\",\"description\":\"Agencia de Performance Marketing\",\"publisher\":{\"@id\":\"https:\/\/www.reexporta.com\/#organization\"},\"potentialAction\":[{\"@type\":\"SearchAction\",\"target\":{\"@type\":\"EntryPoint\",\"urlTemplate\":\"https:\/\/www.reexporta.com\/?s={search_term_string}\"},\"query-input\":{\"@type\":\"PropertyValueSpecification\",\"valueRequired\":true,\"valueName\":\"search_term_string\"}}],\"inLanguage\":\"ca\"},{\"@type\":\"Organization\",\"@id\":\"https:\/\/www.reexporta.com\/#organization\",\"name\":\"Reexporta\",\"url\":\"https:\/\/www.reexporta.com\/\",\"logo\":{\"@type\":\"ImageObject\",\"inLanguage\":\"ca\",\"@id\":\"https:\/\/www.reexporta.com\/#\/schema\/logo\/image\/\",\"url\":\"https:\/\/www.reexporta.com\/wp-content\/uploads\/2018\/10\/logo_reexporta-black_l.png\",\"contentUrl\":\"https:\/\/www.reexporta.com\/wp-content\/uploads\/2018\/10\/logo_reexporta-black_l.png\",\"width\":330,\"height\":95,\"caption\":\"Reexporta\"},\"image\":{\"@id\":\"https:\/\/www.reexporta.com\/#\/schema\/logo\/image\/\"},\"sameAs\":[\"https:\/\/es.linkedin.com\/company\/reexporta\"]}]}<\/script>\n<!-- \/ Yoast SEO plugin. -->","yoast_head_json":{"title":"Home CAT - Reexporta","description":"Home CAT","robots":{"index":"index","follow":"follow","max-snippet":"max-snippet:-1","max-image-preview":"max-image-preview:large","max-video-preview":"max-video-preview:-1"},"canonical":"https:\/\/www.reexporta.com\/","og_locale":"ca_ES","og_type":"article","og_title":"Home CAT - Reexporta","og_description":"Home CAT","og_url":"https:\/\/www.reexporta.com\/","og_site_name":"Reexporta","article_modified_time":"2022-06-22T09:44:27+00:00","og_image":[{"width":2016,"height":1512,"url":"https:\/\/www.reexporta.com\/wp-content\/uploads\/2022\/06\/logo-reexporta-brands-officev2-ok-washed.jpg","type":"image\/jpeg"}],"twitter_card":"summary_large_image","twitter_misc":{"Temps estimat de lectura":"4 minuts"},"schema":{"@context":"https:\/\/schema.org","@graph":[{"@type":"WebPage","@id":"https:\/\/www.reexporta.com\/","url":"https:\/\/www.reexporta.com\/","name":"Home CAT - Reexporta","isPartOf":{"@id":"https:\/\/www.reexporta.com\/#website"},"datePublished":"2018-07-20T09:21:57+00:00","dateModified":"2022-06-22T09:44:27+00:00","description":"Home CAT","breadcrumb":{"@id":"https:\/\/www.reexporta.com\/#breadcrumb"},"inLanguage":"ca","potentialAction":[{"@type":"ReadAction","target":["https:\/\/www.reexporta.com\/"]}]},{"@type":"BreadcrumbList","@id":"https:\/\/www.reexporta.com\/#breadcrumb","itemListElement":[{"@type":"ListItem","position":1,"name":"Portada","item":"https:\/\/www.reexporta.com\/"},{"@type":"ListItem","position":2,"name":"Home CAT"}]},{"@type":"WebSite","@id":"https:\/\/www.reexporta.com\/#website","url":"https:\/\/www.reexporta.com\/","name":"Reexporta","description":"Agencia de Performance Marketing","publisher":{"@id":"https:\/\/www.reexporta.com\/#organization"},"potentialAction":[{"@type":"SearchAction","target":{"@type":"EntryPoint","urlTemplate":"https:\/\/www.reexporta.com\/?s={search_term_string}"},"query-input":{"@type":"PropertyValueSpecification","valueRequired":true,"valueName":"search_term_string"}}],"inLanguage":"ca"},{"@type":"Organization","@id":"https:\/\/www.reexporta.com\/#organization","name":"Reexporta","url":"https:\/\/www.reexporta.com\/","logo":{"@type":"ImageObject","inLanguage":"ca","@id":"https:\/\/www.reexporta.com\/#\/schema\/logo\/image\/","url":"https:\/\/www.reexporta.com\/wp-content\/uploads\/2018\/10\/logo_reexporta-black_l.png","contentUrl":"https:\/\/www.reexporta.com\/wp-content\/uploads\/2018\/10\/logo_reexporta-black_l.png","width":330,"height":95,"caption":"Reexporta"},"image":{"@id":"https:\/\/www.reexporta.com\/#\/schema\/logo\/image\/"},"sameAs":["https:\/\/es.linkedin.com\/company\/reexporta"]}]}},"_links":{"self":[{"href":"https:\/\/www.reexporta.com\/ca\/wp-json\/wp\/v2\/pages\/10557","targetHints":{"allow":["GET"]}}],"collection":[{"href":"https:\/\/www.reexporta.com\/ca\/wp-json\/wp\/v2\/pages"}],"about":[{"href":"https:\/\/www.reexporta.com\/ca\/wp-json\/wp\/v2\/types\/page"}],"author":[{"embeddable":true,"href":"https:\/\/www.reexporta.com\/ca\/wp-json\/wp\/v2\/users\/1"}],"replies":[{"embeddable":true,"href":"https:\/\/www.reexporta.com\/ca\/wp-json\/wp\/v2\/comments?post=10557"}],"version-history":[{"count":16,"href":"https:\/\/www.reexporta.com\/ca\/wp-json\/wp\/v2\/pages\/10557\/revisions"}],"predecessor-version":[{"id":12089,"href":"https:\/\/www.reexporta.com\/ca\/wp-json\/wp\/v2\/pages\/10557\/revisions\/12089"}],"wp:attachment":[{"href":"https:\/\/www.reexporta.com\/ca\/wp-json\/wp\/v2\/media?parent=10557"}],"curies":[{"name":"wp","href":"https:\/\/api.w.org\/{rel}","templated":true}]}}