{"id":10393,"date":"2015-12-26T08:18:55","date_gmt":"2015-12-26T08:18:55","guid":{"rendered":"http:\/\/www.reexporta.com\/quienes-somos\/"},"modified":"2025-04-11T09:43:54","modified_gmt":"2025-04-11T09:43:54","slug":"qui-som","status":"publish","type":"page","link":"https:\/\/www.reexporta.com\/ca\/qui-som\/","title":{"rendered":"Qui som"},"content":{"rendered":"<p>[vc_row full_width=&#8221;stretch_row_content_no_spaces&#8221; row_dynamic_height=&#8221;65&#8243; row_min_height=&#8221;350&#8243; row_overlay=&#8221;image&#8221; row_overlay_opacity=&#8221;40&#8243; row_overlay_image=&#8221;9923&#8243; parallax=&#8221;content-moving-fade&#8221; css_animation=&#8221;fadeInUp2&#8243; css_animation_repeat=&#8221;show_video&#8221; video_overlay=&#8221;show_video_overlay&#8221; video_overlay_image=&#8221;387&#8243; css=&#8221;.vc_custom_1496327251947{background-image: url(http:\/\/www.reexporta.com\/wp-content\/uploads\/2015\/12\/logo-reexporta-brands-officev2-ok.jpg?id=9864) !important;background-position: 0 0;background-repeat: no-repeat !important;}&#8221;][vc_column][\/vc_column][\/vc_row][vc_row custom_padding=&#8221;true&#8221; custom_padding_t=&#8221;100&#8243; custom_padding_b=&#8221;80&#8243; text_align=&#8221;center&#8221;][vc_column width=&#8221;1\/2&#8243;][vc_custom_heading text=&#8221;Qui som&#8221; google_fonts=&#8221;font_family:Open%20Sans%3A300%2C300italic%2Cregular%2Citalic%2C600%2C600italic%2C700%2C700italic%2C800%2C800italic|font_style:400%20regular%3A400%3Anormal&#8221; font_container=&#8221;tag:h2|font_size:25|text_align:left|color:%23939393&#8243; font_title_responsive=&#8221;true&#8221; line_height_responsive=&#8221;150&#8243; css=&#8221;.vc_custom_1509016971410{padding-bottom: 40px !important;}&#8221;][vc_custom_heading text=&#8221;Aportem solucions adaptades a les seves necessitats&#8221; google_fonts=&#8221;font_family:Merriweather%3A300%2C300italic%2Cregular%2Citalic%2C700%2C700italic%2C900%2C900italic|font_style:400%20regular%3A400%3Anormal&#8221; font_container=&#8221;tag:h2|font_size:40|text_align:left|color:%23000000&#8243; font_title_responsive=&#8221;true&#8221; css=&#8221;.vc_custom_1707236577943{padding-bottom: 10px !important;}&#8221;][\/vc_column][vc_column width=&#8221;1\/2&#8243;][vc_column_text css=&#8221;.vc_custom_1655891115284{margin-top: 50px !important;}&#8221;]<\/p>\n<blockquote>\n<h3 style=\"font-size: 20px;\">Despr\u00e9s de m\u00e9s de 18 anys en el sector, hem acumulat experi\u00e8ncia i coneixements que posem al servei de les seves necessitats.<\/h3>\n<p>&nbsp;<\/p>\n<h3 style=\"font-size: 20px;\">Aportem solucions adaptades al seu mercat, el seu pressupost i les seves ambicions.<\/h3>\n<\/blockquote>\n<p>[\/vc_column_text][\/vc_column][\/vc_row][vc_row full_width=&#8221;stretch_row_content_no_spaces&#8221; gap=&#8221;0&#8243; css=&#8221;.vc_custom_1466937886317{background-color: #f0f0f0 !important;}&#8221;][vc_column text_hover_color=&#8221;#ffffff&#8221; hover_color=&#8221;#3a3a3a&#8221; width=&#8221;1\/3&#8243; css=&#8221;.vc_custom_1451491580658{padding-top: 15% !important;padding-right: 15% !important;padding-bottom: 15% !important;padding-left: 15% !important;}&#8221;][vc_custom_heading text=&#8221;01&#8243; google_fonts=&#8221;font_family:Roboto%3A100%2C100italic%2C300%2C300italic%2Cregular%2Citalic%2C500%2C500italic%2C700%2C700italic%2C900%2C900italic|font_style:300%20light%20regular%3A300%3Anormal&#8221; font_container=&#8221;tag:h2|font_size:90|text_align:left|color:%23cccccc&#8221; inline=&#8221;true&#8221; inline_space=&#8221;true&#8221; css=&#8221;.vc_custom_1451386438161{margin-bottom: 9% !important;}&#8221;][vc_custom_heading text=&#8221;Estrategia<br \/>\nEfica\u00e7.&#8221; google_fonts=&#8221;font_family:Roboto%3A100%2C100italic%2C300%2C300italic%2Cregular%2Citalic%2C500%2C500italic%2C700%2C700italic%2C900%2C900italic|font_style:900%20bold%20regular%3A900%3Anormal&#8221; font_container=&#8221;tag:h2|text_align:left&#8221; font_title_responsive=&#8221;true&#8221; inline=&#8221;true&#8221; font_size_responsive=&#8221;2&#8243; css=&#8221;.vc_custom_1509017572371{margin-bottom: 9% !important;}&#8221;][\/vc_column][vc_column text_hover_color=&#8221;#ffffff&#8221; hover_color=&#8221;#3a3a3a&#8221; width=&#8221;1\/3&#8243; css=&#8221;.vc_custom_1451491572236{padding-top: 15% !important;padding-right: 15% !important;padding-bottom: 15% !important;padding-left: 15% !important;}&#8221;][vc_custom_heading text=&#8221;02&#8243; google_fonts=&#8221;font_family:Roboto%3A100%2C100italic%2C300%2C300italic%2Cregular%2Citalic%2C500%2C500italic%2C700%2C700italic%2C900%2C900italic|font_style:300%20light%20regular%3A300%3Anormal&#8221; font_container=&#8221;tag:h2|font_size:90|text_align:left|color:%23cccccc&#8221; inline=&#8221;true&#8221; inline_space=&#8221;true&#8221; css=&#8221;.vc_custom_1451322660490{margin-bottom: 9% !important;}&#8221;][vc_custom_heading text=&#8221;Optimitzaci\u00f3<br \/>\nde recursos.&#8221; google_fonts=&#8221;font_family:Roboto%3A100%2C100italic%2C300%2C300italic%2Cregular%2Citalic%2C500%2C500italic%2C700%2C700italic%2C900%2C900italic|font_style:900%20bold%20regular%3A900%3Anormal&#8221; font_container=&#8221;tag:h2|text_align:left&#8221; font_title_responsive=&#8221;true&#8221; inline=&#8221;true&#8221; font_size_responsive=&#8221;2&#8243; css=&#8221;.vc_custom_1509017516701{margin-bottom: 9% !important;}&#8221;][\/vc_column][vc_column text_hover_color=&#8221;#ffffff&#8221; hover_color=&#8221;#3a3a3a&#8221; width=&#8221;1\/3&#8243; css=&#8221;.vc_custom_1451491512350{padding-top: 15% !important;padding-right: 15% !important;padding-bottom: 15% !important;padding-left: 15% !important;}&#8221;][vc_custom_heading text=&#8221;03&#8243; google_fonts=&#8221;font_family:Roboto%3A100%2C100italic%2C300%2C300italic%2Cregular%2Citalic%2C500%2C500italic%2C700%2C700italic%2C900%2C900italic|font_style:300%20light%20regular%3A300%3Anormal&#8221; font_container=&#8221;tag:h2|font_size:90|text_align:left|color:%23cccccc&#8221; inline=&#8221;true&#8221; inline_space=&#8221;true&#8221; css=&#8221;.vc_custom_1451322671593{margin-bottom: 9% !important;}&#8221;][vc_custom_heading text=&#8221;Control<br \/>\nEficient.&#8221; google_fonts=&#8221;font_family:Roboto%3A100%2C100italic%2C300%2C300italic%2Cregular%2Citalic%2C500%2C500italic%2C700%2C700italic%2C900%2C900italic|font_style:900%20bold%20regular%3A900%3Anormal&#8221; font_container=&#8221;tag:h2|text_align:left&#8221; font_title_responsive=&#8221;true&#8221; inline=&#8221;true&#8221; font_size_responsive=&#8221;2&#8243; css=&#8221;.vc_custom_1509017559964{margin-bottom: 9% !important;}&#8221;][\/vc_column][\/vc_row][vc_row custom_padding=&#8221;true&#8221; custom_padding_t=&#8221;100&#8243; custom_padding_b=&#8221;100&#8243; parallax=&#8221;content-moving-fade&#8221; css_animation=&#8221;fadeInUp2&#8243; css=&#8221;.vc_custom_1496315525854{border-bottom-width: 1px !important;border-bottom-color: #bcbcbc !important;border-bottom-style: solid !important;}&#8221;][vc_column][vc_custom_heading text=&#8221;Grans marques han confiat en nosaltres:&#8221; google_fonts=&#8221;font_family:Merriweather%3A300%2C300italic%2Cregular%2Citalic%2C700%2C700italic%2C900%2C900italic|font_style:400%20regular%3A400%3Anormal&#8221; font_container=&#8221;tag:h2|font_size:40|text_align:left|color:%23333333&#8243; font_title_responsive=&#8221;true&#8221; line_height_responsive=&#8221;150&#8243;][vc_empty_space height=&#8221;60px&#8221;][rdy_client_list autoplay=&#8221;true&#8221; column=&#8221;5&#8243; gutter_space_carousel=&#8221;5&#8243; include=&#8221;9831,9834,9833,9843,9993,9992,9975,9983,9989,9986,9979,9980,9988,10527,10471,10537,10539,10540,10541,10545,10888,10892,10894,10899&#8243;][\/vc_column][\/vc_row][vc_row css=&#8221;.vc_custom_1496228953807{margin-top: 100px !important;}&#8221;][vc_column][\/vc_column][\/vc_row]<\/p>\n","protected":false},"excerpt":{"rendered":"<p>Despr\u00e9s de m\u00e9s de 18 anys en el sector, hem acumulat una experi\u00e8ncia i uns coneixements que posem al servei de les seves necessitats.<\/p>\n","protected":false},"author":1,"featured_media":0,"parent":0,"menu_order":0,"comment_status":"closed","ping_status":"closed","template":"","meta":{"footnotes":""},"class_list":["post-10393","page","type-page","status-publish","hentry"],"yoast_head":"<!-- This site is optimized with the Yoast SEO plugin v26.1.1 - https:\/\/yoast.com\/wordpress\/plugins\/seo\/ -->\n<title>Qui som - Reexporta<\/title>\n<meta name=\"description\" content=\"Qui som Reexporta\" \/>\n<meta name=\"robots\" content=\"index, follow, max-snippet:-1, max-image-preview:large, max-video-preview:-1\" \/>\n<link rel=\"canonical\" href=\"https:\/\/www.reexporta.com\/ca\/qui-som\/\" \/>\n<meta property=\"og:locale\" content=\"ca_ES\" \/>\n<meta property=\"og:type\" content=\"article\" \/>\n<meta property=\"og:title\" content=\"Qui som - Reexporta\" \/>\n<meta property=\"og:description\" content=\"Qui som Reexporta\" \/>\n<meta property=\"og:url\" content=\"https:\/\/www.reexporta.com\/ca\/qui-som\/\" \/>\n<meta property=\"og:site_name\" content=\"Reexporta\" \/>\n<meta property=\"article:modified_time\" content=\"2025-04-11T09:43:54+00:00\" \/>\n<meta property=\"og:image\" content=\"https:\/\/www.reexporta.com\/wp-content\/uploads\/2022\/06\/logo-reexporta-brands-officev2-ok-washed.jpg\" \/>\n\t<meta property=\"og:image:width\" content=\"2016\" \/>\n\t<meta property=\"og:image:height\" content=\"1512\" \/>\n\t<meta property=\"og:image:type\" content=\"image\/jpeg\" \/>\n<meta name=\"twitter:card\" content=\"summary_large_image\" \/>\n<meta name=\"twitter:label1\" content=\"Temps estimat de lectura\" \/>\n\t<meta name=\"twitter:data1\" content=\"2 minuts\" \/>\n<script type=\"application\/ld+json\" class=\"yoast-schema-graph\">{\"@context\":\"https:\/\/schema.org\",\"@graph\":[{\"@type\":[\"WebPage\",\"AboutPage\"],\"@id\":\"https:\/\/www.reexporta.com\/ca\/qui-som\/\",\"url\":\"https:\/\/www.reexporta.com\/ca\/qui-som\/\",\"name\":\"Qui som - Reexporta\",\"isPartOf\":{\"@id\":\"https:\/\/www.reexporta.com\/#website\"},\"datePublished\":\"2015-12-26T08:18:55+00:00\",\"dateModified\":\"2025-04-11T09:43:54+00:00\",\"description\":\"Qui som Reexporta\",\"breadcrumb\":{\"@id\":\"https:\/\/www.reexporta.com\/ca\/qui-som\/#breadcrumb\"},\"inLanguage\":\"ca\",\"potentialAction\":[{\"@type\":\"ReadAction\",\"target\":[\"https:\/\/www.reexporta.com\/ca\/qui-som\/\"]}]},{\"@type\":\"BreadcrumbList\",\"@id\":\"https:\/\/www.reexporta.com\/ca\/qui-som\/#breadcrumb\",\"itemListElement\":[{\"@type\":\"ListItem\",\"position\":1,\"name\":\"Portada\",\"item\":\"https:\/\/www.reexporta.com\/\"},{\"@type\":\"ListItem\",\"position\":2,\"name\":\"Qui som\"}]},{\"@type\":\"WebSite\",\"@id\":\"https:\/\/www.reexporta.com\/#website\",\"url\":\"https:\/\/www.reexporta.com\/\",\"name\":\"Reexporta\",\"description\":\"Agencia de Performance Marketing\",\"publisher\":{\"@id\":\"https:\/\/www.reexporta.com\/#organization\"},\"potentialAction\":[{\"@type\":\"SearchAction\",\"target\":{\"@type\":\"EntryPoint\",\"urlTemplate\":\"https:\/\/www.reexporta.com\/?s={search_term_string}\"},\"query-input\":{\"@type\":\"PropertyValueSpecification\",\"valueRequired\":true,\"valueName\":\"search_term_string\"}}],\"inLanguage\":\"ca\"},{\"@type\":\"Organization\",\"@id\":\"https:\/\/www.reexporta.com\/#organization\",\"name\":\"Reexporta\",\"url\":\"https:\/\/www.reexporta.com\/\",\"logo\":{\"@type\":\"ImageObject\",\"inLanguage\":\"ca\",\"@id\":\"https:\/\/www.reexporta.com\/#\/schema\/logo\/image\/\",\"url\":\"https:\/\/www.reexporta.com\/wp-content\/uploads\/2018\/10\/logo_reexporta-black_l.png\",\"contentUrl\":\"https:\/\/www.reexporta.com\/wp-content\/uploads\/2018\/10\/logo_reexporta-black_l.png\",\"width\":330,\"height\":95,\"caption\":\"Reexporta\"},\"image\":{\"@id\":\"https:\/\/www.reexporta.com\/#\/schema\/logo\/image\/\"},\"sameAs\":[\"https:\/\/es.linkedin.com\/company\/reexporta\"]}]}<\/script>\n<!-- \/ Yoast SEO plugin. -->","yoast_head_json":{"title":"Qui som - Reexporta","description":"Qui som Reexporta","robots":{"index":"index","follow":"follow","max-snippet":"max-snippet:-1","max-image-preview":"max-image-preview:large","max-video-preview":"max-video-preview:-1"},"canonical":"https:\/\/www.reexporta.com\/ca\/qui-som\/","og_locale":"ca_ES","og_type":"article","og_title":"Qui som - Reexporta","og_description":"Qui som Reexporta","og_url":"https:\/\/www.reexporta.com\/ca\/qui-som\/","og_site_name":"Reexporta","article_modified_time":"2025-04-11T09:43:54+00:00","og_image":[{"width":2016,"height":1512,"url":"https:\/\/www.reexporta.com\/wp-content\/uploads\/2022\/06\/logo-reexporta-brands-officev2-ok-washed.jpg","type":"image\/jpeg"}],"twitter_card":"summary_large_image","twitter_misc":{"Temps estimat de lectura":"2 minuts"},"schema":{"@context":"https:\/\/schema.org","@graph":[{"@type":["WebPage","AboutPage"],"@id":"https:\/\/www.reexporta.com\/ca\/qui-som\/","url":"https:\/\/www.reexporta.com\/ca\/qui-som\/","name":"Qui som - Reexporta","isPartOf":{"@id":"https:\/\/www.reexporta.com\/#website"},"datePublished":"2015-12-26T08:18:55+00:00","dateModified":"2025-04-11T09:43:54+00:00","description":"Qui som Reexporta","breadcrumb":{"@id":"https:\/\/www.reexporta.com\/ca\/qui-som\/#breadcrumb"},"inLanguage":"ca","potentialAction":[{"@type":"ReadAction","target":["https:\/\/www.reexporta.com\/ca\/qui-som\/"]}]},{"@type":"BreadcrumbList","@id":"https:\/\/www.reexporta.com\/ca\/qui-som\/#breadcrumb","itemListElement":[{"@type":"ListItem","position":1,"name":"Portada","item":"https:\/\/www.reexporta.com\/"},{"@type":"ListItem","position":2,"name":"Qui som"}]},{"@type":"WebSite","@id":"https:\/\/www.reexporta.com\/#website","url":"https:\/\/www.reexporta.com\/","name":"Reexporta","description":"Agencia de Performance Marketing","publisher":{"@id":"https:\/\/www.reexporta.com\/#organization"},"potentialAction":[{"@type":"SearchAction","target":{"@type":"EntryPoint","urlTemplate":"https:\/\/www.reexporta.com\/?s={search_term_string}"},"query-input":{"@type":"PropertyValueSpecification","valueRequired":true,"valueName":"search_term_string"}}],"inLanguage":"ca"},{"@type":"Organization","@id":"https:\/\/www.reexporta.com\/#organization","name":"Reexporta","url":"https:\/\/www.reexporta.com\/","logo":{"@type":"ImageObject","inLanguage":"ca","@id":"https:\/\/www.reexporta.com\/#\/schema\/logo\/image\/","url":"https:\/\/www.reexporta.com\/wp-content\/uploads\/2018\/10\/logo_reexporta-black_l.png","contentUrl":"https:\/\/www.reexporta.com\/wp-content\/uploads\/2018\/10\/logo_reexporta-black_l.png","width":330,"height":95,"caption":"Reexporta"},"image":{"@id":"https:\/\/www.reexporta.com\/#\/schema\/logo\/image\/"},"sameAs":["https:\/\/es.linkedin.com\/company\/reexporta"]}]}},"_links":{"self":[{"href":"https:\/\/www.reexporta.com\/ca\/wp-json\/wp\/v2\/pages\/10393","targetHints":{"allow":["GET"]}}],"collection":[{"href":"https:\/\/www.reexporta.com\/ca\/wp-json\/wp\/v2\/pages"}],"about":[{"href":"https:\/\/www.reexporta.com\/ca\/wp-json\/wp\/v2\/types\/page"}],"author":[{"embeddable":true,"href":"https:\/\/www.reexporta.com\/ca\/wp-json\/wp\/v2\/users\/1"}],"replies":[{"embeddable":true,"href":"https:\/\/www.reexporta.com\/ca\/wp-json\/wp\/v2\/comments?post=10393"}],"version-history":[{"count":8,"href":"https:\/\/www.reexporta.com\/ca\/wp-json\/wp\/v2\/pages\/10393\/revisions"}],"predecessor-version":[{"id":12198,"href":"https:\/\/www.reexporta.com\/ca\/wp-json\/wp\/v2\/pages\/10393\/revisions\/12198"}],"wp:attachment":[{"href":"https:\/\/www.reexporta.com\/ca\/wp-json\/wp\/v2\/media?parent=10393"}],"curies":[{"name":"wp","href":"https:\/\/api.w.org\/{rel}","templated":true}]}}